{"id":21188,"date":"2022-03-02T09:43:07","date_gmt":"2022-03-02T09:43:07","guid":{"rendered":"https:\/\/www.materials.imdea.org\/groups\/mng\/?page_id=21188"},"modified":"2022-03-02T09:48:24","modified_gmt":"2022-03-02T09:48:24","slug":"multifunctional-materials","status":"publish","type":"page","link":"https:\/\/www.materials.imdea.org\/groups\/mng\/research-lines\/multifunctional-materials\/","title":{"rendered":"Multifunctional materials"},"content":{"rendered":"\t\t<div data-elementor-type=\"wp-post\" data-elementor-id=\"21188\" class=\"elementor elementor-21188 elementor-bc-flex-widget\" data-elementor-post-type=\"page\">\n\t\t\t\t\t\t<section class=\"elementor-section elementor-top-section elementor-element elementor-element-4d7834b elementor-section-boxed elementor-section-height-default elementor-section-height-default\" data-id=\"4d7834b\" data-element_type=\"section\" data-e-type=\"section\">\n\t\t\t\t\t\t<div class=\"elementor-container elementor-column-gap-default\">\n\t\t\t\t\t<div class=\"elementor-column elementor-col-100 elementor-top-column elementor-element elementor-element-48bb8c8\" data-id=\"48bb8c8\" data-element_type=\"column\" data-e-type=\"column\">\n\t\t\t<div class=\"elementor-widget-wrap elementor-element-populated\">\n\t\t\t\t\t\t<div class=\"elementor-element elementor-element-35dc9dd elementor-widget elementor-widget-text-editor\" data-id=\"35dc9dd\" data-element_type=\"widget\" data-e-type=\"widget\" data-widget_type=\"text-editor.default\">\n\t\t\t\t<div class=\"elementor-widget-container\">\n\t\t\t\t\t\t\t\t\t<p>The forth research area deals with the study of combined properties of nanostructured networks leading to multifunctional applications. The group is particularly interested in the overlap between mechanical properties and energy storage. In the past, it has developed methods to produce a range of flexible, tough electrodes by eliminating metallic current collectors. It has also produced structural power composites, i.e., combining load-bearing properties with energy storage functions (Figure 4). At the materials level, the aim is to better understand the role of damage tolerance in electrochemical cyclability. Additional areas of interest are the use of pierzoresistive nanostructured networks for chemical and strain sensing in structural composites.<\/p>\t\t\t\t\t\t\t\t<\/div>\n\t\t\t\t<\/div>\n\t\t\t\t\t<\/div>\n\t\t<\/div>\n\t\t\t\t\t<\/div>\n\t\t<\/section>\n\t\t\t\t<section class=\"elementor-section elementor-top-section elementor-element elementor-element-1d79325 elementor-section-boxed elementor-section-height-default elementor-section-height-default\" data-id=\"1d79325\" data-element_type=\"section\" data-e-type=\"section\">\n\t\t\t\t\t\t<div class=\"elementor-container elementor-column-gap-default\">\n\t\t\t\t\t<div class=\"elementor-column elementor-col-50 elementor-top-column elementor-element elementor-element-f823166\" data-id=\"f823166\" data-element_type=\"column\" data-e-type=\"column\">\n\t\t\t<div class=\"elementor-widget-wrap elementor-element-populated\">\n\t\t\t\t\t\t<div class=\"elementor-element elementor-element-d62815c elementor-widget elementor-widget-image\" data-id=\"d62815c\" data-element_type=\"widget\" data-e-type=\"widget\" data-widget_type=\"image.default\">\n\t\t\t\t<div class=\"elementor-widget-container\">\n\t\t\t\t\t\t\t\t\t\t\t\t\t\t\t<img fetchpriority=\"high\" decoding=\"async\" width=\"531\" height=\"479\" src=\"https:\/\/www.materials.imdea.org\/groups\/mng\/wp-content\/uploads\/Picture8.jpg\" class=\"attachment-medium_large size-medium_large wp-image-21186\" alt=\"\" srcset=\"https:\/\/www.materials.imdea.org\/groups\/mng\/wp-content\/uploads\/Picture8.jpg 531w, https:\/\/www.materials.imdea.org\/groups\/mng\/wp-content\/uploads\/Picture8-300x271.jpg 300w\" sizes=\"(max-width: 531px) 100vw, 531px\" \/>\t\t\t\t\t\t\t\t\t\t\t\t\t\t\t<\/div>\n\t\t\t\t<\/div>\n\t\t\t\t\t<\/div>\n\t\t<\/div>\n\t\t\t\t<div class=\"elementor-column elementor-col-50 elementor-top-column elementor-element elementor-element-9c41845\" data-id=\"9c41845\" data-element_type=\"column\" data-e-type=\"column\">\n\t\t\t<div class=\"elementor-widget-wrap elementor-element-populated\">\n\t\t\t\t\t\t<div class=\"elementor-element elementor-element-83ae952 elementor-widget elementor-widget-image\" data-id=\"83ae952\" data-element_type=\"widget\" data-e-type=\"widget\" data-widget_type=\"image.default\">\n\t\t\t\t<div class=\"elementor-widget-container\">\n\t\t\t\t\t\t\t\t\t\t\t\t\t\t\t<img decoding=\"async\" width=\"768\" height=\"536\" src=\"https:\/\/www.materials.imdea.org\/groups\/mng\/wp-content\/uploads\/Picture7-768x536.png\" class=\"attachment-medium_large size-medium_large wp-image-21185\" alt=\"\" srcset=\"https:\/\/www.materials.imdea.org\/groups\/mng\/wp-content\/uploads\/Picture7-768x536.png 768w, https:\/\/www.materials.imdea.org\/groups\/mng\/wp-content\/uploads\/Picture7-300x209.png 300w, https:\/\/www.materials.imdea.org\/groups\/mng\/wp-content\/uploads\/Picture7-1024x714.png 1024w, https:\/\/www.materials.imdea.org\/groups\/mng\/wp-content\/uploads\/Picture7.png 1131w\" sizes=\"(max-width: 768px) 100vw, 768px\" \/>\t\t\t\t\t\t\t\t\t\t\t\t\t\t\t<\/div>\n\t\t\t\t<\/div>\n\t\t\t\t\t<\/div>\n\t\t<\/div>\n\t\t\t\t\t<\/div>\n\t\t<\/section>\n\t\t\t\t<section class=\"elementor-section elementor-top-section elementor-element elementor-element-69bdc608 elementor-section-boxed elementor-section-height-default elementor-section-height-default\" data-id=\"69bdc608\" data-element_type=\"section\" data-e-type=\"section\">\n\t\t\t\t\t\t<div class=\"elementor-container elementor-column-gap-default\">\n\t\t\t\t\t<div class=\"elementor-column elementor-col-100 elementor-top-column elementor-element elementor-element-23156433\" data-id=\"23156433\" data-element_type=\"column\" data-e-type=\"column\">\n\t\t\t<div class=\"elementor-widget-wrap elementor-element-populated\">\n\t\t\t\t\t\t<div class=\"elementor-element elementor-element-d12e449 elementor-widget elementor-widget-text-editor\" data-id=\"d12e449\" data-element_type=\"widget\" data-e-type=\"widget\" data-widget_type=\"text-editor.default\">\n\t\t\t\t<div class=\"elementor-widget-container\">\n\t\t\t\t\t\t\t\t\t<p style=\"text-align: center;\"><span style=\"font-size: 2rem;\">Figure 4. Multifuctional materials.<\/span><\/p><p>\u00a0<\/p><p><strong>Selected references<\/strong><\/p><p>Nicola Boaretto, Jes\u00fas Almenara, Anastasiia Mikhalchan, Rebeca Marcilla, and Juan Jos\u00e9 Vilatela &#8211; A Route to High-Toughness Battery Electrodes. acs applied energy materials 2, 8, 5889-5899, 2019. DOI: DOI:<a href=\"http:\/\/doi.org\/10.1021\/acsaem.9b00906\">10.1021\/acsaem.9b00906<\/a><\/p><p>Cleis Santos, In\u00e9s V.Rodr\u00edguez, Julio J. Lado, Mar\u00eda Vila, Enrique Garc\u00eda-Quismondo, Marc A. Anderson, Jes\u00fas Palma, Juan J.Vilatela &#8211; Low-energy consumption, free-form capacitive deionization through nanostructured networks. carbon 176, 390-399, 2021. DOI: <a href=\"http:\/\/doi.org\/10.1016\/j.carbon.2021.01.148\">10.1016\/j.carbon.2021.01.148<\/a><\/p><p>Yunfu Ou, Moumita Rana, Juan Jos\u00e9 Vilatela, Carlos Gonz\u00e1lez &#8211; Assessment of stress transfer in laminated structural power composites produced with mechanically-connected electric double-layer capacitors. composites science and technology , 109128, 2021. DOI: <a href=\"http:\/\/doi.org\/10.1016\/j.compscitech.2021.109128\">10.1016\/j.compscitech.2021.109128<\/a><\/p>\t\t\t\t\t\t\t\t<\/div>\n\t\t\t\t<\/div>\n\t\t\t\t\t<\/div>\n\t\t<\/div>\n\t\t\t\t\t<\/div>\n\t\t<\/section>\n\t\t\t\t<\/div>\n\t\t","protected":false},"excerpt":{"rendered":"<p>The forth research area deals with the study of combined properties of nanostructured networks leading to multifunctional applications. The group is particularly interested in the overlap between mechanical properties and energy storage. In the past, it has developed methods to produce a range of flexible, tough electrodes by eliminating metallic current collectors. It has also [&hellip;]<\/p>\n","protected":false},"author":8,"featured_media":0,"parent":20225,"menu_order":1,"comment_status":"open","ping_status":"open","template":"","meta":{"_acf_changed":false,"_genesis_hide_title":false,"_genesis_hide_breadcrumbs":false,"_genesis_hide_singular_image":false,"_genesis_hide_footer_widgets":false,"_genesis_custom_body_class":"","_genesis_custom_post_class":"","_genesis_layout":"","footnotes":"","_links_to":"","_links_to_target":""},"class_list":{"0":"post-21188","1":"page","2":"type-page","3":"status-publish","5":"entry"},"acf":[],"_links":{"self":[{"href":"https:\/\/www.materials.imdea.org\/groups\/mng\/wp-json\/wp\/v2\/pages\/21188","targetHints":{"allow":["GET"]}}],"collection":[{"href":"https:\/\/www.materials.imdea.org\/groups\/mng\/wp-json\/wp\/v2\/pages"}],"about":[{"href":"https:\/\/www.materials.imdea.org\/groups\/mng\/wp-json\/wp\/v2\/types\/page"}],"author":[{"embeddable":true,"href":"https:\/\/www.materials.imdea.org\/groups\/mng\/wp-json\/wp\/v2\/users\/8"}],"replies":[{"embeddable":true,"href":"https:\/\/www.materials.imdea.org\/groups\/mng\/wp-json\/wp\/v2\/comments?post=21188"}],"version-history":[{"count":3,"href":"https:\/\/www.materials.imdea.org\/groups\/mng\/wp-json\/wp\/v2\/pages\/21188\/revisions"}],"predecessor-version":[{"id":21193,"href":"https:\/\/www.materials.imdea.org\/groups\/mng\/wp-json\/wp\/v2\/pages\/21188\/revisions\/21193"}],"up":[{"embeddable":true,"href":"https:\/\/www.materials.imdea.org\/groups\/mng\/wp-json\/wp\/v2\/pages\/20225"}],"wp:attachment":[{"href":"https:\/\/www.materials.imdea.org\/groups\/mng\/wp-json\/wp\/v2\/media?parent=21188"}],"curies":[{"name":"wp","href":"https:\/\/api.w.org\/{rel}","templated":true}]}}